{"id":7375,"date":"2017-04-05T12:07:14","date_gmt":"2017-04-05T12:07:14","guid":{"rendered":"http:\/\/fotosgratis.cl\/?page_id=7375"},"modified":"2024-08-14T15:40:46","modified_gmt":"2024-08-14T19:40:46","slug":"home-creative","status":"publish","type":"page","link":"https:\/\/www.lupaconsultoras.cl\/web\/","title":{"rendered":"Inicio"},"content":{"rendered":"<p>[vc_row css=&#8221;.vc_custom_1594235057328{background-image: url(https:\/\/www.lupaconsultoras.cl\/web\/wp-content\/uploads\/2020\/06\/slide3.jpg?id=7712) !important;background-position: center !important;background-repeat: no-repeat !important;background-size: cover !important;}&#8221;][vc_column offset=&#8221;vc_hidden-lg vc_hidden-md&#8221;][vc_empty_space][vc_custom_heading text=&#8221;Gestionamos cultura&#8221; font_container=&#8221;tag:h2|font_size:40|text_align:center|color:%23ffffff&#8221; google_fonts=&#8221;font_family:Ubuntu%3A300%2C300italic%2Cregular%2Citalic%2C500%2C500italic%2C700%2C700italic|font_style:500%20bold%20regular%3A500%3Anormal&#8221; css_animation=&#8221;bounceInDown&#8221;][\/vc_column][\/vc_row][vc_row full_width=&#8221;stretch_row_content&#8221; css=&#8221;.vc_custom_1594233111946{background-image: url(https:\/\/www.lupaconsultoras.cl\/web\/wp-content\/uploads\/2020\/06\/slide3.jpg?id=7712) !important;}&#8221;][vc_column css=&#8221;.vc_custom_1594234595600{padding-top: 80px !important;padding-bottom: 80px !important;}&#8221; offset=&#8221;vc_hidden-sm vc_hidden-xs&#8221;][vc_single_image image=&#8221;7832&#8243; img_size=&#8221;full&#8221; alignment=&#8221;center&#8221; css_animation=&#8221;zoomIn&#8221;][\/vc_column][\/vc_row][vc_row][vc_column][vc_empty_space][vc_column_text]<\/p>\n<h4 style=\"text-align: center;\"><span style=\"color: #808080;\">Somos una empresa especializada en gesti\u00f3n cultural,<br \/>\nenfocada <\/span><span style=\"color: #808080;\">a la producci\u00f3n de eventos y generaci\u00f3n de contenidos.\u00a0<\/span><\/h4>\n<h2 style=\"text-align: center;\"><span style=\"color: #808080;\">\u00a1Te invitamos a conocernos!<\/span><\/h2>\n<p>[\/vc_column_text][vc_empty_space height=&#8221;12px&#8221;][\/vc_column][\/vc_row][vc_row gap=&#8221;2&#8243;][vc_column width=&#8221;1\/4&#8243;][vc_hoverbox image=&#8221;7716&#8243; primary_title=&#8221;&#8221; hover_title=&#8221;PRODUCCI\u00d3N DE EVENTOS&#8221; hover_title_font_container=&#8221;font_size:20|color:%23ffffff&#8221; hover_title_use_theme_fonts=&#8221;yes&#8221; shape=&#8221;square&#8221; hover_background_color=&#8221;custom&#8221; hover_btn_title=&#8221;Ver servicio&#8221; hover_btn_style=&#8221;flat&#8221; hover_btn_shape=&#8221;square&#8221; hover_btn_color=&#8221;white&#8221; hover_btn_size=&#8221;sm&#8221; use_custom_fonts_hover_title=&#8221;true&#8221; hover_add_button=&#8221;true&#8221; hover_btn_link=&#8221;url:https%3A%2F%2Fwww.lupaconsultoras.cl%2Fweb%2Fservicios%2Feventos%2F|title:Ferias%20y%20seminarios||&#8221; hover_title_link=&#8221;url:https%3A%2F%2Fwww.lupaconsultoras.cl%2Fweb%2Fservicios%2Feventos%2F|title:Eventos%20%E2%80%93%20Producciones%20integrales||&#8221; hover_custom_background=&#8221;#f28e37&#8243;][\/vc_hoverbox][vc_custom_heading text=&#8221;EVENTOS&#8221; font_container=&#8221;tag:h2|font_size:20|text_align:center|color:%23ffffff&#8221; google_fonts=&#8221;font_family:Montserrat%3Aregular%2C700|font_style:400%20regular%3A400%3Anormal&#8221; css=&#8221;.vc_custom_1594389033129{padding-top: 10px !important;padding-right: 10px !important;padding-bottom: 10px !important;padding-left: 10px !important;background-color: #ff9c3a !important;}&#8221; link=&#8221;url:http%3A%2F%2Fwww.lupaconsultoras.cl%2Fweb%2Fservicios%2Feventos%2F|title:Eventos%20%E2%80%93%20Producciones%20integrales||&#8221;][vc_column_text]<\/p>\n<h5 style=\"text-align: center;\">Eventos y producciones integrales<\/h5>\n<p>[\/vc_column_text][\/vc_column][vc_column width=&#8221;1\/4&#8243;][vc_hoverbox image=&#8221;7689&#8243; primary_title=&#8221;&#8221; hover_title=&#8221;FERIAS Y SEMINARIOS&#8221; hover_title_font_container=&#8221;font_size:20|color:%23ffffff&#8221; hover_title_use_theme_fonts=&#8221;yes&#8221; shape=&#8221;square&#8221; hover_background_color=&#8221;custom&#8221; hover_btn_title=&#8221;Ver servicio&#8221; hover_btn_style=&#8221;flat&#8221; hover_btn_shape=&#8221;square&#8221; hover_btn_color=&#8221;white&#8221; hover_btn_size=&#8221;sm&#8221; use_custom_fonts_hover_title=&#8221;true&#8221; hover_add_button=&#8221;true&#8221; hover_btn_link=&#8221;url:https%3A%2F%2Fwww.lupaconsultoras.cl%2Fweb%2Fservicios%2Fferias%2F|title:Ferias%20y%20seminarios||&#8221; hover_title_link=&#8221;url:https%3A%2F%2Fwww.lupaconsultoras.cl%2Fweb%2Fservicios%2Fferias%2F|title:Eventos%20%E2%80%93%20Producciones%20integrales||&#8221; hover_custom_background=&#8221;#42a826&#8243;][\/vc_hoverbox][vc_custom_heading text=&#8221;FERIAS&#8221; font_container=&#8221;tag:h2|font_size:20|text_align:center|color:%23ffffff&#8221; google_fonts=&#8221;font_family:Montserrat%3Aregular%2C700|font_style:400%20regular%3A400%3Anormal&#8221; css=&#8221;.vc_custom_1594389091889{padding-top: 10px !important;padding-right: 10px !important;padding-bottom: 10px !important;padding-left: 10px !important;background-color: #1ec990 !important;}&#8221; link=&#8221;url:http%3A%2F%2Fwww.lupaconsultoras.cl%2Fweb%2Fservicios%2Fferias%2F|title:Ferias%20y%20seminarios||&#8221;][vc_column_text]<\/p>\n<h5 style=\"text-align: center;\">Ferias y seminarios<\/h5>\n<p>[\/vc_column_text][\/vc_column][vc_column width=&#8221;1\/4&#8243;][vc_hoverbox image=&#8221;7690&#8243; primary_title=&#8221;&#8221; hover_title=&#8221;PROGRAMAS&#8221; hover_title_font_container=&#8221;font_size:20|color:%23ffffff&#8221; hover_title_use_theme_fonts=&#8221;yes&#8221; shape=&#8221;square&#8221; hover_background_color=&#8221;custom&#8221; hover_btn_title=&#8221;Ver servicio&#8221; hover_btn_style=&#8221;flat&#8221; hover_btn_shape=&#8221;square&#8221; hover_btn_color=&#8221;white&#8221; hover_btn_size=&#8221;sm&#8221; use_custom_fonts_hover_title=&#8221;true&#8221; hover_add_button=&#8221;true&#8221; hover_btn_link=&#8221;url:https%3A%2F%2Fwww.lupaconsultoras.cl%2Fweb%2Fservicios%2Fprogramas%2F|title:Ferias%20y%20seminarios||&#8221; hover_title_link=&#8221;url:https%3A%2F%2Fwww.lupaconsultoras.cl%2Fweb%2Fservicios%2Fprogramas%2F|title:Eventos%20%E2%80%93%20Producciones%20integrales||&#8221; hover_custom_background=&#8221;#7929b2&#8243;][\/vc_hoverbox][vc_custom_heading text=&#8221;PROGRAMAS&#8221; font_container=&#8221;tag:h2|font_size:20|text_align:center|color:%23ffffff&#8221; google_fonts=&#8221;font_family:Montserrat%3Aregular%2C700|font_style:400%20regular%3A400%3Anormal&#8221; css=&#8221;.vc_custom_1594389110033{padding-top: 10px !important;padding-right: 10px !important;padding-bottom: 10px !important;padding-left: 10px !important;background-color: #9723db !important;}&#8221; link=&#8221;url:http%3A%2F%2Fwww.lupaconsultoras.cl%2Fweb%2Fservicios%2Fprogramas%2F|title:Producci%C3%B3n%20de%20Programas%20P%C3%BAblicos||&#8221;][vc_column_text]<\/p>\n<h5 style=\"text-align: center;\">Producci\u00f3n de programas P\u00fablicos<\/h5>\n<p>[\/vc_column_text][\/vc_column][vc_column width=&#8221;1\/4&#8243;][vc_hoverbox image=&#8221;7691&#8243; primary_title=&#8221;&#8221; hover_title=&#8221;ASESOR\u00cdAS&#8221; hover_title_font_container=&#8221;font_size:20|color:%23ffffff&#8221; hover_title_use_theme_fonts=&#8221;yes&#8221; shape=&#8221;square&#8221; hover_background_color=&#8221;custom&#8221; hover_btn_title=&#8221;Ver servicio&#8221; hover_btn_style=&#8221;flat&#8221; hover_btn_shape=&#8221;square&#8221; hover_btn_color=&#8221;white&#8221; hover_btn_size=&#8221;sm&#8221; use_custom_fonts_hover_title=&#8221;true&#8221; hover_add_button=&#8221;true&#8221; hover_btn_link=&#8221;url:https%3A%2F%2Fwww.lupaconsultoras.cl%2Fweb%2Fservicios%2Fasesoria%2F|title:Ferias%20y%20seminarios||&#8221; hover_title_link=&#8221;url:https%3A%2F%2Fwww.lupaconsultoras.cl%2Fweb%2Fservicios%2Fasesoria%2F|title:Eventos%20%E2%80%93%20Producciones%20integrales||&#8221; hover_custom_background=&#8221;#30d1cb&#8221;][\/vc_hoverbox][vc_custom_heading text=&#8221;ASESORIAS&#8221; font_container=&#8221;tag:h2|font_size:20|text_align:center|color:%23ffffff&#8221; google_fonts=&#8221;font_family:Montserrat%3Aregular%2C700|font_style:400%20regular%3A400%3Anormal&#8221; css=&#8221;.vc_custom_1594389133621{padding-top: 10px !important;padding-right: 10px !important;padding-bottom: 10px !important;padding-left: 10px !important;background-color: #00c1f2 !important;}&#8221; link=&#8221;url:http%3A%2F%2Fwww.lupaconsultoras.cl%2Fweb%2Fservicios%2Fasesoria%2F|title:Asesor%C3%ADa%20en%20gesti%C3%B3n%20cultural%20y%20fomento%20lector||&#8221;][vc_column_text]<\/p>\n<h5 style=\"text-align: center;\">Asesor\u00eda en gesti\u00f3n cultural y fomento lector<\/h5>\n<p>[\/vc_column_text][\/vc_column][\/vc_row][vc_row][vc_column][vc_empty_space height=&#8221;50&#8243;][\/vc_column][\/vc_row][vc_row full_width=&#8221;stretch_row&#8221; bg_type=&#8221;image&#8221; parallax_style=&#8221;vcpb-vz-jquery&#8221; bg_image_new=&#8221;id^7738|url^http:\/\/fotosgratis.cl\/wp-content\/uploads\/2020\/06\/parallax5.jpg|caption^null|alt^null|title^parallax5|description^null&#8221;][vc_column width=&#8221;1\/6&#8243;][\/vc_column][vc_column width=&#8221;2\/3&#8243;][vc_empty_space height=&#8221;50&#8243;][vc_custom_heading text=&#8221;Nuestra fortaleza&#8221; font_container=&#8221;tag:h1|font_size:40px|text_align:center|color:%23ffffff&#8221; use_theme_fonts=&#8221;yes&#8221;][vc_separator color=&#8221;sandy_brown&#8221; border_width=&#8221;2&#8243; el_width=&#8221;10&#8243;][vc_column_text]<\/p>\n<h3 style=\"text-align: center;\"><span style=\"color: #ffffff;\">Trabajamos una amplia diversidad de producciones, asesorando de manera personalizada a nuestros clientes para lograr propuestas creativas y eficientes, sum\u00e1ndole el sello de confianza en la coordinaci\u00f3n con nuestros proveedores y en la relaci\u00f3n con el cliente.<\/span><\/h3>\n<p>[\/vc_column_text]<div class=\" ubtn-ctn-center \"><a class=\"ubtn-link ult-adjust-bottom-margin ubtn-center ubtn-normal \" href=\"http:\/\/www.lupaconsultoras.cl\/web\/nosotros\/\" ><button type=\"button\" id=\"ubtn-3016\"  class=\"ubtn ult-adjust-bottom-margin ult-responsive ubtn-normal ubtn-no-hover-bg  none  ubtn-center   tooltip-69f72e86b83ac\"  data-hover=\"\" data-border-color=\"\" data-bg=\"#ffa33a\" data-hover-bg=\"\" data-border-hover=\"\" data-shadow-hover=\"\" data-shadow-click=\"none\" data-shadow=\"\" data-shd-shadow=\"\"  data-ultimate-target='#ubtn-3016'  data-responsive-json-new='{\"font-size\":\"desktop:14px;\",\"line-height\":\"\"}'  style=\"font-weight:normal;border:none;background: #ffa33a;color: #ffffff;\"><span class=\"ubtn-hover\" style=\"background-color:\"><\/span><span class=\"ubtn-data ubtn-text \" >CONOCE NUESTRO EQUIPO<\/span><\/button><\/a><\/div>[vc_empty_space height=&#8221;50&#8243;][\/vc_column][vc_column width=&#8221;1\/6&#8243;][\/vc_column][\/vc_row][vc_row full_width=&#8221;stretch_row&#8221; css=&#8221;.vc_custom_1593467458971{padding-top: 50px !important;padding-bottom: 50px !important;background-color: #f7f7f7 !important;}&#8221;][vc_column][vc_row_inner][vc_column_inner width=&#8221;1\/6&#8243;][\/vc_column_inner][vc_column_inner width=&#8221;2\/3&#8243;][vc_custom_heading text=&#8221;Testimonios&#8221; font_container=&#8221;tag:h1|font_size:40px|text_align:center|color:%2300b59c&#8221; use_theme_fonts=&#8221;yes&#8221;][vc_separator color=&#8221;sandy_brown&#8221; border_width=&#8221;2&#8243; el_width=&#8221;10&#8243;][\/vc_column_inner][vc_column_inner width=&#8221;1\/6&#8243;][\/vc_column_inner][\/vc_row_inner][vc_tta_pageable no_fill_content_area=&#8221;1&#8243; autoplay=&#8221;10&#8243; active_section=&#8221;1&#8243; pagination_style=&#8221;flat-round&#8221; pagination_color=&#8221;orange&#8221;][vc_tta_section title=&#8221;Section 1&#8243; tab_id=&#8221;1593467516413-b0baf1dd-122b&#8221;][vc_row_inner][vc_column_inner width=&#8221;2\/3&#8243;][vc_custom_heading text=&#8221;&#8220;Trabajamos con Lupa consultoras desde que comenzaron en el desarrollo de proyectos culturales y de lectura. Siempre han mostrado compromiso y dedicaci\u00f3n en cada iniciativa que desarrollan, preocup\u00e1ndose por buscar soluciones en todo tipo de contextos. Para el Plan Nacional de la Lectura han realizado seminarios, capacitaciones y otros proyectos en todo el pa\u00eds\u201d.&#8221; font_container=&#8221;tag:p|font_size:20|text_align:right|color:%23000000&#8243; google_fonts=&#8221;font_family:Alegreya%20Sans%3A100%2C100italic%2C300%2C300italic%2Cregular%2Citalic%2C500%2C500italic%2C700%2C700italic%2C800%2C800italic%2C900%2C900italic|font_style:300%20light%20regular%3A300%3Anormal&#8221;][\/vc_column_inner][vc_column_inner width=&#8221;1\/3&#8243; css=&#8221;.vc_custom_1593468228586{border-left-width: 1px !important;padding-left: 30px !important;border-left-color: #dd9933 !important;border-left-style: dotted !important;}&#8221;][vc_column_text]<strong><span style=\"color: #ff6600;\">Karla Andrea Eliessetch Foncillas<\/span><br \/>\n<\/strong>Coordinadora Plan Nacional de la Lectura<br \/>\nMinisterio de la Cultura, las Artes y el Patrimonio[\/vc_column_text][\/vc_column_inner][\/vc_row_inner][\/vc_tta_section][vc_tta_section title=&#8221;Section 2&#8243; tab_id=&#8221;1593467516455-2ea39941-f828&#8243;][vc_row_inner][vc_column_inner width=&#8221;2\/3&#8243;][vc_custom_heading text=&#8221;\u201cLupa consultoras ha cumplido un papel importante en la log\u00edstica de la actividad cultural, destacando su experiencia, trayectoria, seriedad, profesionalismo y por su puesto la calidad de su servicio\u201d.&#8221; font_container=&#8221;tag:p|font_size:20|text_align:right|color:%23000000&#8243; google_fonts=&#8221;font_family:Alegreya%20Sans%3A100%2C100italic%2C300%2C300italic%2Cregular%2Citalic%2C500%2C500italic%2C700%2C700italic%2C800%2C800italic%2C900%2C900italic|font_style:300%20light%20regular%3A300%3Anormal&#8221;][\/vc_column_inner][vc_column_inner width=&#8221;1\/3&#8243; css=&#8221;.vc_custom_1593468228586{border-left-width: 1px !important;padding-left: 30px !important;border-left-color: #dd9933 !important;border-left-style: dotted !important;}&#8221;][vc_column_text]<strong><span style=\"color: #ff6600;\">Florencia Loewenthal<\/span><br \/>\n<\/strong>Directora Galer\u00eda Gabriela Mistral<\/p>\n<p>&nbsp;<\/p>\n<p>[\/vc_column_text][\/vc_column_inner][\/vc_row_inner][\/vc_tta_section][vc_tta_section title=&#8221;Section&#8221; tab_id=&#8221;1593468129791-b29a2143-1eb9&#8243;][vc_row_inner][vc_column_inner width=&#8221;2\/3&#8243;][vc_custom_heading text=&#8221;\u201cSiempre un excelente trabajo de Lupa Consultoras SpA. Responsabilidad por sobre todo. S\u00e9 que podemos contar con ellas a\u00fan cuando se nos presentan contingencias en el \u00faltimo momento\u201d.&#8221; font_container=&#8221;tag:p|font_size:20|text_align:right|color:%23000000&#8243; google_fonts=&#8221;font_family:Alegreya%20Sans%3A100%2C100italic%2C300%2C300italic%2Cregular%2Citalic%2C500%2C500italic%2C700%2C700italic%2C800%2C800italic%2C900%2C900italic|font_style:300%20light%20regular%3A300%3Anormal&#8221;][\/vc_column_inner][vc_column_inner width=&#8221;1\/3&#8243; css=&#8221;.vc_custom_1593468228586{border-left-width: 1px !important;padding-left: 30px !important;border-left-color: #dd9933 !important;border-left-style: dotted !important;}&#8221;][vc_column_text]<span style=\"color: #ff6600;\"><strong>Mar\u00eda Soledad Vilches Rodr\u00edguez<br \/>\n<\/strong><\/span>\u00c1rea Marketing, Corfo[\/vc_column_text][\/vc_column_inner][\/vc_row_inner][\/vc_tta_section][\/vc_tta_pageable][\/vc_column][\/vc_row][vc_row][vc_column][vc_empty_space height=&#8221;50&#8243;][\/vc_column][\/vc_row][vc_row][vc_column][vc_custom_heading text=&#8221;Nuestros clientes&#8221; font_container=&#8221;tag:h1|font_size:40px|text_align:center|color:%2300b59c&#8221; use_theme_fonts=&#8221;yes&#8221;][vc_separator color=&#8221;sandy_brown&#8221; border_width=&#8221;2&#8243; el_width=&#8221;10&#8243;][vc_empty_space height=&#8221;50&#8243;][vc_images_carousel images=&#8221;7765,7766,7767,7768,7770,7772,7787,7769,7788,7789,7790,7771,7791,7786&#8243; img_size=&#8221;full&#8221; onclick=&#8221;link_no&#8221; speed=&#8221;2000&#8243; slides_per_view=&#8221;5&#8243; autoplay=&#8221;yes&#8221; hide_pagination_control=&#8221;yes&#8221; hide_prev_next_buttons=&#8221;yes&#8221; wrap=&#8221;yes&#8221;][vc_empty_space height=&#8221;90px&#8221;][\/vc_column][\/vc_row]<\/p>\n","protected":false},"excerpt":{"rendered":"<p>[vc_row css=&#8221;.vc_custom_1594235057328{background-image: url(https:\/\/www.lupaconsultoras.cl\/web\/wp-content\/uploads\/2020\/06\/slide3.jpg?id=7712) !important;background-position: center !important;background-repeat: no-repeat !important;background-size: cover !important;}&#8221;][vc_column offset=&#8221;vc_hidden-lg vc_hidden-md&#8221;][vc_empty_space][vc_custom_heading text=&#8221;Gestionamos cultura&#8221; font_container=&#8221;tag:h2|font_size:40|text_align:center|color:%23ffffff&#8221; google_fonts=&#8221;font_family:Ubuntu%3A300%2C300italic%2Cregular%2Citalic%2C500%2C500italic%2C700%2C700italic|font_style:500%20bold%20regular%3A500%3Anormal&#8221; css_animation=&#8221;bounceInDown&#8221;][\/vc_column][\/vc_row][vc_row full_width=&#8221;stretch_row_content&#8221; css=&#8221;.vc_custom_1594233111946{background-image: url(https:\/\/www.lupaconsultoras.cl\/web\/wp-content\/uploads\/2020\/06\/slide3.jpg?id=7712) !important;}&#8221;][vc_column css=&#8221;.vc_custom_1594234595600{padding-top: 80px !important;padding-bottom: 80px !important;}&#8221; offset=&#8221;vc_hidden-sm vc_hidden-xs&#8221;][vc_single_image image=&#8221;7832&#8243; img_size=&#8221;full&#8221; alignment=&#8221;center&#8221; css_animation=&#8221;zoomIn&#8221;][\/vc_column][\/vc_row][vc_row][vc_column][vc_empty_space][vc_column_text] Somos una empresa especializada en gesti\u00f3n cultural, enfocada a la producci\u00f3n de eventos y generaci\u00f3n de contenidos.\u00a0 \u00a1Te invitamos a conocernos! [\/vc_column_text][vc_empty_space height=&#8221;12px&#8221;][\/vc_column][\/vc_row][vc_row [&hellip;]<\/p>\n","protected":false},"author":1,"featured_media":0,"parent":0,"menu_order":0,"comment_status":"closed","ping_status":"closed","template":"","meta":{"footnotes":""},"_links":{"self":[{"href":"https:\/\/www.lupaconsultoras.cl\/web\/wp-json\/wp\/v2\/pages\/7375"}],"collection":[{"href":"https:\/\/www.lupaconsultoras.cl\/web\/wp-json\/wp\/v2\/pages"}],"about":[{"href":"https:\/\/www.lupaconsultoras.cl\/web\/wp-json\/wp\/v2\/types\/page"}],"author":[{"embeddable":true,"href":"https:\/\/www.lupaconsultoras.cl\/web\/wp-json\/wp\/v2\/users\/1"}],"replies":[{"embeddable":true,"href":"https:\/\/www.lupaconsultoras.cl\/web\/wp-json\/wp\/v2\/comments?post=7375"}],"version-history":[{"count":111,"href":"https:\/\/www.lupaconsultoras.cl\/web\/wp-json\/wp\/v2\/pages\/7375\/revisions"}],"predecessor-version":[{"id":7885,"href":"https:\/\/www.lupaconsultoras.cl\/web\/wp-json\/wp\/v2\/pages\/7375\/revisions\/7885"}],"wp:attachment":[{"href":"https:\/\/www.lupaconsultoras.cl\/web\/wp-json\/wp\/v2\/media?parent=7375"}],"curies":[{"name":"wp","href":"https:\/\/api.w.org\/{rel}","templated":true}]}}